{"id":34,"date":"2016-11-08T09:54:51","date_gmt":"2016-11-08T08:54:51","guid":{"rendered":"https:\/\/spironelli.com\/wordpress\/?page_id=34"},"modified":"2016-11-08T15:26:35","modified_gmt":"2016-11-08T14:26:35","slug":"servizi","status":"publish","type":"page","link":"https:\/\/spironelli.com\/wordpress\/?page_id=34","title":{"rendered":"Servizi"},"content":{"rendered":"<p><img loading=\"lazy\" decoding=\"async\" class=\"size-full wp-image-43 aligncenter\" src=\"https:\/\/spironelli.com\/wordpress\/wp-content\/uploads\/2016\/11\/servizi-1.png\" alt=\"servizi\" width=\"771\" height=\"552\" srcset=\"https:\/\/spironelli.com\/wordpress\/wp-content\/uploads\/2016\/11\/servizi-1.png 771w, https:\/\/spironelli.com\/wordpress\/wp-content\/uploads\/2016\/11\/servizi-1-300x215.png 300w, https:\/\/spironelli.com\/wordpress\/wp-content\/uploads\/2016\/11\/servizi-1-768x550.png 768w, https:\/\/spironelli.com\/wordpress\/wp-content\/uploads\/2016\/11\/servizi-1-489x350.png 489w, https:\/\/spironelli.com\/wordpress\/wp-content\/uploads\/2016\/11\/servizi-1-150x107.png 150w\" sizes=\"auto, (max-width: 771px) 100vw, 771px\" \/><\/p>\n<p><strong>Diagnostica Texa<\/strong><\/p>\n<p>Servizio di diagnostica e riparazione, con strumentazione altamente specializzata. Con le connessioni senza cavo garantisce al meccanico la massima praticit\u00e0 d\u2019uso. Via Bluetooth si connette con le interfacce di diagnosi, analisi gas e misure TEXA, in modo da garantire una assoluta mobilit\u00e0 di lavoro attorno al veicolo.<\/p>\n<p><strong>Allineamento ruote<\/strong><\/p>\n<p>Il marchio TruckCam rappresenta prodotti innovativi ed efficienti per l&#8217;allineamento delle ruote, basati sulla tecnologia brevettata della fotocamera. E&#8217; uno dei marchi leader per l&#8217; allineamento, con nuove soluzioni industriali per lo sviluppo di prodotti e metodi di misurazione altamente qualificati.<\/p>\n<p><strong>Officina autorizzata TopTruck<\/strong><\/p>\n<p>In Italia il network Top Truck conta su oltre 150 Officine distribuite sul territorio nazionale ed \u00e8 riconosciuta come la pi\u00f9 importante rete Multimarca Italiana per Veicoli Industriali. Un\u2019Officina Top Truck viene selezionata in base ad una serie di criteri, assicurando che l\u2019azienda soddisfi tutti i requisiti di legge e che abbia una buona reputazione nella zona. L\u2019Officina dev\u2019essere in grado di effettuare la manutenzione e la riparazione sia su camion sia su rimorchi di tutti i modelli, avvalendosi di personale qualificato. Una scuola di formazione tecnica \u00e8 a disposizione della rete per il continuo miglioramento della stessa. Il team Top Truck \u00e8 formato e qualificato, le attrezzature di diagnosi sono moderne e i componenti utilizzati sono di qualit\u00e0 garantita. Tutto \u00e8 fatto in modo che l\u2019autista e il suo camion possano percorrere molti chilometri sulla strada in modo sicuro.<\/p>\n<p><strong>Formazione<\/strong><\/p>\n<p>Nella nostra Officina consideriamo la Competenza\u00a0Professionale il pilastro fondamentale che ci permette di rispondere in maniera adeguata alle necessit\u00e0 di ogni tipologia di veicolo e ottenere la soddisfazione dei nostri Clienti. Ogni anno frequentiamo Corsi di Formazione Tecnici che consolidano e sviluppano la nostra professionalit\u00e0 riparativa. A questo proposito riepiloghiamo di seguito i Corsi di Formazione che abbiamo frequentato con il programma Masterpro di Groupauto sviluppato per il network di officine TOP TRUCK.<\/p>\n<p><strong>Convenzioni<\/strong><\/p>\n<p>La nostra \u00e8 un&#8217;officina specializzata e professionalmente preparata per essere protagonista nel settore della riparazione. Per questo motivo mettiamo a disposizione di importanti aziende, anch&#8217;esse nostri clienti, tutta la nostra professionalit\u00e0, esperienza e prodotti.<\/p>\n<p><img loading=\"lazy\" decoding=\"async\" class=\"size-full wp-image-53 aligncenter\" src=\"https:\/\/spironelli.com\/wordpress\/wp-content\/uploads\/2016\/11\/toptruck.png\" alt=\"toptruck\" width=\"457\" height=\"289\" srcset=\"https:\/\/spironelli.com\/wordpress\/wp-content\/uploads\/2016\/11\/toptruck.png 457w, https:\/\/spironelli.com\/wordpress\/wp-content\/uploads\/2016\/11\/toptruck-300x190.png 300w, https:\/\/spironelli.com\/wordpress\/wp-content\/uploads\/2016\/11\/toptruck-150x95.png 150w\" sizes=\"auto, (max-width: 457px) 100vw, 457px\" \/><\/p>\n<p>&nbsp;<\/p>\n<p><strong>Autorizzazioni<\/strong><\/p>\n<p>I servizi e l&#8217;assistenza che offriamo ci consentono di essere partner di importanti realt\u00e0. La qualit\u00e0 e l&#8217;attenzione dei servizi offerti ci rendono il punto d&#8217;incontro tra queste Organizzazioni ed i loro clienti.<\/p>\n<p><img loading=\"lazy\" decoding=\"async\" class=\"size-full wp-image-55 aligncenter\" src=\"https:\/\/spironelli.com\/wordpress\/wp-content\/uploads\/2016\/11\/iveco.png\" alt=\"iveco\" width=\"159\" height=\"175\" srcset=\"https:\/\/spironelli.com\/wordpress\/wp-content\/uploads\/2016\/11\/iveco.png 159w, https:\/\/spironelli.com\/wordpress\/wp-content\/uploads\/2016\/11\/iveco-136x150.png 136w\" sizes=\"auto, (max-width: 159px) 100vw, 159px\" \/><\/p>\n<p><img loading=\"lazy\" decoding=\"async\" class=\"alignleft size-full wp-image-41\" src=\"https:\/\/spironelli.com\/wordpress\/wp-content\/uploads\/2016\/11\/specializzazioni.png\" alt=\"specializzazioni\" width=\"910\" height=\"502\" srcset=\"https:\/\/spironelli.com\/wordpress\/wp-content\/uploads\/2016\/11\/specializzazioni.png 910w, https:\/\/spironelli.com\/wordpress\/wp-content\/uploads\/2016\/11\/specializzazioni-300x165.png 300w, https:\/\/spironelli.com\/wordpress\/wp-content\/uploads\/2016\/11\/specializzazioni-768x424.png 768w, https:\/\/spironelli.com\/wordpress\/wp-content\/uploads\/2016\/11\/specializzazioni-634x350.png 634w, https:\/\/spironelli.com\/wordpress\/wp-content\/uploads\/2016\/11\/specializzazioni-150x83.png 150w\" sizes=\"auto, (max-width: 910px) 100vw, 910px\" \/><\/p>\n<p>&nbsp;<\/p>\n<p>&nbsp;<\/p>\n<p>&nbsp;<\/p>\n<p>&nbsp;<\/p>\n<p>&nbsp;<\/p>\n<p>&nbsp;<\/p>\n<p>&nbsp;<\/p>\n<p>&nbsp;<\/p>\n<p>&nbsp;<\/p>\n<p>&nbsp;<\/p>\n","protected":false},"excerpt":{"rendered":"<p>Diagnostica Texa Servizio di diagnostica e riparazione, con strumentazione altamente specializzata. Con le connessioni senza cavo garantisce al meccanico la massima praticit\u00e0 d\u2019uso. Via Bluetooth si connette con le interfacce di diagnosi, analisi gas e misure TEXA, in modo da garantire una assoluta mobilit\u00e0 di lavoro attorno al veicolo. Allineamento\u2026 <a class=\"continue-reading-link\" href=\"https:\/\/spironelli.com\/wordpress\/?page_id=34\">Continua a leggere<\/a><\/p>\n","protected":false},"author":2,"featured_media":0,"parent":0,"menu_order":0,"comment_status":"closed","ping_status":"closed","template":"","meta":{"footnotes":""},"class_list":["post-34","page","type-page","status-publish","hentry"],"_links":{"self":[{"href":"https:\/\/spironelli.com\/wordpress\/index.php?rest_route=\/wp\/v2\/pages\/34","targetHints":{"allow":["GET"]}}],"collection":[{"href":"https:\/\/spironelli.com\/wordpress\/index.php?rest_route=\/wp\/v2\/pages"}],"about":[{"href":"https:\/\/spironelli.com\/wordpress\/index.php?rest_route=\/wp\/v2\/types\/page"}],"author":[{"embeddable":true,"href":"https:\/\/spironelli.com\/wordpress\/index.php?rest_route=\/wp\/v2\/users\/2"}],"replies":[{"embeddable":true,"href":"https:\/\/spironelli.com\/wordpress\/index.php?rest_route=%2Fwp%2Fv2%2Fcomments&post=34"}],"version-history":[{"count":13,"href":"https:\/\/spironelli.com\/wordpress\/index.php?rest_route=\/wp\/v2\/pages\/34\/revisions"}],"predecessor-version":[{"id":63,"href":"https:\/\/spironelli.com\/wordpress\/index.php?rest_route=\/wp\/v2\/pages\/34\/revisions\/63"}],"wp:attachment":[{"href":"https:\/\/spironelli.com\/wordpress\/index.php?rest_route=%2Fwp%2Fv2%2Fmedia&parent=34"}],"curies":[{"name":"wp","href":"https:\/\/api.w.org\/{rel}","templated":true}]}}